{"id":522,"date":"2024-04-04T09:30:10","date_gmt":"2024-04-04T07:30:10","guid":{"rendered":"https:\/\/danira.ee\/?page_id=522"},"modified":"2024-04-04T09:32:25","modified_gmt":"2024-04-04T07:32:25","slug":"privacy-policy","status":"publish","type":"page","link":"https:\/\/danira.ee\/en\/privacy-policy\/","title":{"rendered":"Privacy Policy"},"content":{"rendered":"<p>[et_pb_section fb_built=&#8221;1&#8243; theme_builder_area=&#8221;post_content&#8221; _builder_version=&#8221;4.24.3&#8243; _module_preset=&#8221;default&#8221;][et_pb_row _builder_version=&#8221;4.24.3&#8243; _module_preset=&#8221;default&#8221; theme_builder_area=&#8221;post_content&#8221;][et_pb_column _builder_version=&#8221;4.24.3&#8243; _module_preset=&#8221;default&#8221; type=&#8221;4_4&#8243; theme_builder_area=&#8221;post_content&#8221;][et_pb_text _builder_version=&#8221;4.24.3&#8243; _module_preset=&#8221;default&#8221; theme_builder_area=&#8221;post_content&#8221; hover_enabled=&#8221;0&#8243; sticky_enabled=&#8221;0&#8243;]<\/p>\n<h1>Privacy Policy DANIRA O\u00dc<\/h1>\n<p>1.This Privacy Policy addresses the personal data collected and retained by the DANIRA O\u00dc online store.<br \/>\n2.The Privacy Policy of DANIRA O\u00dc may change from time to time. DANIRA O\u00dc reserves the right to unilaterally amend and supplement the terms by publishing new conditions at www.danira.ee.<\/p>\n<p><strong>Personal data collection may occur using the following data:<\/strong><br \/>\n\u25cf Data that you provide to us, such as contact details and other data provided through the website or other channels;<br \/>\n\u25cf Data that we receive when you use our website &#8211; for example, through your account information or cookie files sent to your device;<br \/>\n\u25cf Data from open sources and other information provided at your request.<\/p>\n<p><strong>The DANIRA O\u00dc online store may collect the following data about you:<\/strong><br \/>\n\u25cf Your demographic data, such as name, contact details, etc.;<br \/>\n\u25cf Data about you and your (enterprise), such as name, registration code, etc.;<br \/>\n\u25cf Cookie file data associated with the use of our website.<\/p>\n<p><strong>Use, publication, and modification of collected personal data<\/strong><br \/>\n\u25cf Collected personal data is used to provide our service, as well as to deliver goods and fulfill other obligations.<br \/>\n\u25cf Personal data may be disclosed from the database to the extent permitted and required by applicable laws, for example, to a government agency without restrictions.<br \/>\n\u25cf You have the right to know to the extent permitted by applicable laws what personal data is collected about you in our database.<br \/>\n\u25cf You may also request to supplement, correct, or delete your incomplete, inaccurate, or outdated personal data in our database.<br \/>\n\u25cf Personal data is stored in a secure, firewall-protected network of our online store.<\/p>\n<p>The Seller ensures the use of the personal data provided by the client in accordance with the &#8220;Personal Data Protection Act,&#8221; primarily to the extent necessary to fulfill the order. The Seller does not transfer the client&#8217;s personal data to third parties, except to the courier who requires them for the delivery of the client&#8217;s order.[\/et_pb_text][\/et_pb_column][\/et_pb_row][\/et_pb_section]<\/p>\n","protected":false},"excerpt":{"rendered":"<p>Privacy Policy DANIRA O\u00dc 1.This Privacy Policy addresses the personal data collected and retained by the DANIRA O\u00dc online store. 2.The Privacy Policy of DANIRA O\u00dc may change from time to time. DANIRA O\u00dc reserves the right to unilaterally amend and supplement the terms by publishing new conditions at www.danira.ee. Personal data collection may occur [&hellip;]<\/p>\n","protected":false},"author":2,"featured_media":0,"parent":0,"menu_order":0,"comment_status":"closed","ping_status":"closed","template":"","meta":{"_et_pb_use_builder":"on","_et_pb_old_content":"","_et_gb_content_width":"","footnotes":""},"_links":{"self":[{"href":"https:\/\/danira.ee\/en\/wp-json\/wp\/v2\/pages\/522"}],"collection":[{"href":"https:\/\/danira.ee\/en\/wp-json\/wp\/v2\/pages"}],"about":[{"href":"https:\/\/danira.ee\/en\/wp-json\/wp\/v2\/types\/page"}],"author":[{"embeddable":true,"href":"https:\/\/danira.ee\/en\/wp-json\/wp\/v2\/users\/2"}],"replies":[{"embeddable":true,"href":"https:\/\/danira.ee\/en\/wp-json\/wp\/v2\/comments?post=522"}],"version-history":[{"count":2,"href":"https:\/\/danira.ee\/en\/wp-json\/wp\/v2\/pages\/522\/revisions"}],"predecessor-version":[{"id":525,"href":"https:\/\/danira.ee\/en\/wp-json\/wp\/v2\/pages\/522\/revisions\/525"}],"wp:attachment":[{"href":"https:\/\/danira.ee\/en\/wp-json\/wp\/v2\/media?parent=522"}],"curies":[{"name":"wp","href":"https:\/\/api.w.org\/{rel}","templated":true}]}}